{"id":78,"date":"2017-12-12T11:24:21","date_gmt":"2017-12-12T15:24:21","guid":{"rendered":"http:\/\/ayuntamiento.guineo\/transparencia\/?page_id=78"},"modified":"2025-04-28T10:49:46","modified_gmt":"2025-04-28T14:49:46","slug":"definicion-oaim-oficina-de-acceso-a-la-informacion-municipal","status":"publish","type":"page","link":"https:\/\/ranchodelaguardia.gob.do\/transparencia\/definicion-oaim-oficina-de-acceso-a-la-informacion-municipal\/","title":{"rendered":"Definici\u00f3n OAIM (Oficina de Acceso a la Informaci\u00f3n Municipal)"},"content":{"rendered":"<p><em><strong>La Oficina de Acceso a la Informaci\u00f3n (OAI) es una instituci\u00f3n establecida bajo la Ley General de Libre Acceso a la Informaci\u00f3n P\u00fablica, Ley 200-04, y el Decreto No. 130-05, que establece su reglamento. Su objetivo principal es facilitar el acceso a la informaci\u00f3n p\u00fablica, promoviendo la transparencia y el derecho a la informaci\u00f3n para ciudadanos y organizaciones, tanto del sector p\u00fablico como privado. La OAI apoya a las entidades en la gesti\u00f3n de solicitudes de informaci\u00f3n y fomenta una cultura de apertura y rendici\u00f3n de cuentas.<\/strong><\/em><\/p>\n<h2><strong>Misi\u00f3n<\/strong><\/h2>\n<ul style=\"list-style-type: circle\">\n<li><strong>Facilitar el acceso a la informaci\u00f3n p\u00fablica, promoviendo la transparencia y el derecho a la informaci\u00f3n de los ciudadanos y organizaciones. Apoyar a entidades p\u00fablicas y privadas en la gesti\u00f3n de solicitudes de informaci\u00f3n, fomentando una cultura de apertura y rendici\u00f3n de cuentas.<\/strong><\/li>\n<\/ul>\n<h2><strong>Visi\u00f3n<\/strong><\/h2>\n<ul style=\"list-style-type: circle\">\n<li><strong>Ser la entidad l\u00edder en la promoci\u00f3n de la transparencia y el acceso a la informaci\u00f3n en el pa\u00eds, empoderando a los ciudadanos a ejercer su derecho a la informaci\u00f3n y contribuyendo a una sociedad m\u00e1s informada, participativa y responsable.<\/strong><\/li>\n<\/ul>\n<h3><strong>Definici\u00f3n RAI<\/strong><\/h3>\n<p>El representante de Acceso a la Informaci\u00f3n, es el responsable de tramitar y facilitar las informaciones requeridas y de ser el canal de comunicaci\u00f3n entre la instituci\u00f3n, ciudadanos y ciudadanas.<\/p>\n<h3><strong>Proceso de Solicitud de Informaci\u00f3n:<\/strong><\/h3>\n<ul style=\"list-style-type: circle\">\n<li><strong>Completar el formulario de solicitud de informaci\u00f3n.<\/strong><\/li>\n<li><strong>Se procede a la revisi\u00f3n de dicho documento con la finalidad de verificar que est\u00e1 debidamente completada(o).<\/strong><\/li>\n<li><strong>Se hace entrega de acuse de recibo al solicitante.<\/strong><\/li>\n<li><strong>Seg\u00fan la complejidad de la informaci\u00f3n, se asigna una fecha de entrega. En caso de no ser la Junta Distrital de Rancho de la Guardia la entidad competente para ofrecer la informaci\u00f3n requerida, dicha solicitud se refiere a la instituci\u00f3n correspondiente y se le informa al solicitante, el curso que ha tomado su solicitud y la instituci\u00f3n destinataria.<\/strong><\/li>\n<li><strong>Seguimiento de la(s) solicitud(es) hasta confirmar que se ha suministrado la informaci\u00f3n<\/strong><\/li>\n<\/ul>\n\n\n<h3><strong>Contacto Responsable de Acceso a la Informaci\u00f3n<\/strong><\/h3>\n\n\n\n<h3 class=\"paragraph ng-attr-widget\">Licdo. LUPES MONTERO ENCARNACION<\/h3>\n<blockquote>\n<h4><strong>Responsable de Acceso a la Informaci\u00f3n (RAI)<\/strong><\/h4>\n<\/blockquote>\n<h4>Tel\u00e9fonos: 829-599-4837<\/h4>\n<h4>Correo: <strong>dmranchodelaguardia@gmail.com<\/strong><\/h4>\n<h4>Direcci\u00f3n: Carretera Rancho de la Guardia, Hondo Valle, Provincia El\u00edas Pi\u00f1a.<\/h4>\n","protected":false},"excerpt":{"rendered":"La Oficina de Acceso a la Informaci\u00f3n (OAI) es una instituci\u00f3n establecida bajo la Ley General de Libre Acceso a la Informaci\u00f3n P\u00fablica, Ley 200-04, y el Decreto No. 130-05, que establece su reglamento. Su objetivo principal es facilitar el acceso a la informaci\u00f3n p\u00fablica, promoviendo la transparencia y el derecho a la informaci\u00f3n para&#8230;","protected":false},"author":1,"featured_media":0,"parent":0,"menu_order":0,"comment_status":"closed","ping_status":"closed","template":"","meta":[],"_links":{"self":[{"href":"https:\/\/ranchodelaguardia.gob.do\/transparencia\/wp-json\/wp\/v2\/pages\/78"}],"collection":[{"href":"https:\/\/ranchodelaguardia.gob.do\/transparencia\/wp-json\/wp\/v2\/pages"}],"about":[{"href":"https:\/\/ranchodelaguardia.gob.do\/transparencia\/wp-json\/wp\/v2\/types\/page"}],"author":[{"embeddable":true,"href":"https:\/\/ranchodelaguardia.gob.do\/transparencia\/wp-json\/wp\/v2\/users\/1"}],"replies":[{"embeddable":true,"href":"https:\/\/ranchodelaguardia.gob.do\/transparencia\/wp-json\/wp\/v2\/comments?post=78"}],"version-history":[{"count":9,"href":"https:\/\/ranchodelaguardia.gob.do\/transparencia\/wp-json\/wp\/v2\/pages\/78\/revisions"}],"predecessor-version":[{"id":471,"href":"https:\/\/ranchodelaguardia.gob.do\/transparencia\/wp-json\/wp\/v2\/pages\/78\/revisions\/471"}],"wp:attachment":[{"href":"https:\/\/ranchodelaguardia.gob.do\/transparencia\/wp-json\/wp\/v2\/media?parent=78"}],"curies":[{"name":"wp","href":"https:\/\/api.w.org\/{rel}","templated":true}]}}